{"id":15,"date":"2024-08-07T10:38:59","date_gmt":"2024-08-07T10:38:59","guid":{"rendered":"https:\/\/radni.orbis.hr\/terminator\/?page_id=15"},"modified":"2024-08-08T09:50:59","modified_gmt":"2024-08-08T09:50:59","slug":"company","status":"publish","type":"page","link":"https:\/\/radni.orbis.hr\/terminator\/company\/","title":{"rendered":"Company"},"content":{"rendered":"<style>.kb-row-layout-id15_2855e7-1b > .kt-row-column-wrap{align-content:start;}:where(.kb-row-layout-id15_2855e7-1b > .kt-row-column-wrap) > .wp-block-kadence-column{justify-content:start;}.kb-row-layout-id15_2855e7-1b > .kt-row-column-wrap{column-gap:var(--global-kb-gap-md, 2rem);row-gap:var(--global-kb-gap-md, 2rem);max-width:var( --global-content-width, 1350px );padding-left:var(--global-content-edge-padding);padding-right:var(--global-content-edge-padding);padding-top:var(--global-kb-spacing-sm, 1.5rem);padding-bottom:var(--global-kb-spacing-sm, 1.5rem);grid-template-columns:minmax(0, 1fr);}.kb-row-layout-id15_2855e7-1b > .kt-row-layout-overlay{opacity:0.30;}@media all and (max-width: 1024px){.kb-row-layout-id15_2855e7-1b > .kt-row-column-wrap{grid-template-columns:minmax(0, 1fr);}}@media all and (max-width: 767px){.kb-row-layout-id15_2855e7-1b > .kt-row-column-wrap{grid-template-columns:minmax(0, 1fr);}}<\/style><div class=\"kb-row-layout-wrap kb-row-layout-id15_2855e7-1b alignfull has-theme-palette4-background-color kt-row-has-bg wp-block-kadence-rowlayout\"><div class=\"kt-row-column-wrap kt-has-1-columns kt-row-layout-equal kt-tab-layout-inherit kt-mobile-layout-row kt-row-valign-top kb-theme-content-width\">\n<style>.kadence-column15_8822a4-c9 > .kt-inside-inner-col,.kadence-column15_8822a4-c9 > .kt-inside-inner-col:before{border-top-left-radius:0px;border-top-right-radius:0px;border-bottom-right-radius:0px;border-bottom-left-radius:0px;}.kadence-column15_8822a4-c9 > .kt-inside-inner-col{column-gap:var(--global-kb-gap-sm, 1rem);}.kadence-column15_8822a4-c9 > .kt-inside-inner-col{flex-direction:column;}.kadence-column15_8822a4-c9 > .kt-inside-inner-col > .aligncenter{width:100%;}.kadence-column15_8822a4-c9 > .kt-inside-inner-col:before{opacity:0.3;}.kadence-column15_8822a4-c9{position:relative;}@media all and (max-width: 1024px){.kadence-column15_8822a4-c9 > .kt-inside-inner-col{flex-direction:column;}}@media all and (max-width: 767px){.kadence-column15_8822a4-c9 > .kt-inside-inner-col{flex-direction:column;}}<\/style>\n<div class=\"wp-block-kadence-column kadence-column15_8822a4-c9\"><div class=\"kt-inside-inner-col\"><style>.wp-block-kadence-advancedheading.kt-adv-heading15_0753bb-7f, .wp-block-kadence-advancedheading.kt-adv-heading15_0753bb-7f[data-kb-block=\"kb-adv-heading15_0753bb-7f\"]{font-style:normal;}.wp-block-kadence-advancedheading.kt-adv-heading15_0753bb-7f mark, .wp-block-kadence-advancedheading.kt-adv-heading15_0753bb-7f[data-kb-block=\"kb-adv-heading15_0753bb-7f\"] mark{font-style:normal;color:#f76a0c;padding-top:0px;padding-right:0px;padding-bottom:0px;padding-left:0px;}<\/style>\n<h1 class=\"kt-adv-heading15_0753bb-7f wp-block-kadence-advancedheading has-theme-palette-9-color has-text-color\" data-kb-block=\"kb-adv-heading15_0753bb-7f\">COMPANY<\/h1>\n<\/div><\/div>\n\n<\/div><\/div>\n\n<style>.kb-row-layout-id15_c56ea3-e8 > .kt-row-column-wrap{align-content:start;}:where(.kb-row-layout-id15_c56ea3-e8 > .kt-row-column-wrap) > .wp-block-kadence-column{justify-content:start;}.kb-row-layout-id15_c56ea3-e8 > .kt-row-column-wrap{column-gap:var(--global-kb-gap-md, 2rem);row-gap:var(--global-kb-gap-md, 2rem);max-width:var( --global-content-width, 1350px );padding-left:var(--global-content-edge-padding);padding-right:var(--global-content-edge-padding);padding-top:var(--global-kb-spacing-sm, 1.5rem);padding-bottom:var(--global-kb-spacing-sm, 1.5rem);grid-template-columns:minmax(0, calc(60% - ((var(--global-kb-gap-md, 2rem) * 1 )\/2)))minmax(0, calc(40% - ((var(--global-kb-gap-md, 2rem) * 1 )\/2)));}.kb-row-layout-id15_c56ea3-e8 > .kt-row-layout-overlay{opacity:0.30;}@media all and (max-width: 1024px){.kb-row-layout-id15_c56ea3-e8 > .kt-row-column-wrap{grid-template-columns:repeat(2, minmax(0, 1fr));}}@media all and (max-width: 767px){.kb-row-layout-id15_c56ea3-e8 > .kt-row-column-wrap{grid-template-columns:minmax(0, 1fr);}}<\/style><div class=\"kb-row-layout-wrap kb-row-layout-id15_c56ea3-e8 alignfull wp-block-kadence-rowlayout\"><div class=\"kt-row-column-wrap kt-has-2-columns kt-row-layout-left-golden kt-tab-layout-inherit kt-mobile-layout-row kt-row-valign-top kb-theme-content-width\">\n<style>.kadence-column15_01d9bc-b3 > .kt-inside-inner-col,.kadence-column15_01d9bc-b3 > .kt-inside-inner-col:before{border-top-left-radius:0px;border-top-right-radius:0px;border-bottom-right-radius:0px;border-bottom-left-radius:0px;}.kadence-column15_01d9bc-b3 > .kt-inside-inner-col{column-gap:var(--global-kb-gap-sm, 1rem);}.kadence-column15_01d9bc-b3 > .kt-inside-inner-col{flex-direction:column;}.kadence-column15_01d9bc-b3 > .kt-inside-inner-col > .aligncenter{width:100%;}.kadence-column15_01d9bc-b3 > .kt-inside-inner-col:before{opacity:0.3;}.kadence-column15_01d9bc-b3{position:relative;}@media all and (max-width: 1024px){.kadence-column15_01d9bc-b3 > .kt-inside-inner-col{flex-direction:column;}}@media all and (max-width: 767px){.kadence-column15_01d9bc-b3 > .kt-inside-inner-col{flex-direction:column;}}<\/style>\n<div class=\"wp-block-kadence-column kadence-column15_01d9bc-b3\"><div class=\"kt-inside-inner-col\"><style>.wp-block-kadence-advancedheading.kt-adv-heading15_fdbead-77, .wp-block-kadence-advancedheading.kt-adv-heading15_fdbead-77[data-kb-block=\"kb-adv-heading15_fdbead-77\"]{font-style:normal;}.wp-block-kadence-advancedheading.kt-adv-heading15_fdbead-77 mark, .wp-block-kadence-advancedheading.kt-adv-heading15_fdbead-77[data-kb-block=\"kb-adv-heading15_fdbead-77\"] mark{font-style:normal;color:#f76a0c;padding-top:0px;padding-right:0px;padding-bottom:0px;padding-left:0px;}<\/style>\n<h2 class=\"kt-adv-heading15_fdbead-77 wp-block-kadence-advancedheading\" data-kb-block=\"kb-adv-heading15_fdbead-77\">ORBIS D.O.O.<\/h2>\n\n\n\n<p><strong>Company from Croatia Orbis d.o.o. on this domain we offer our services for the international market<\/strong>.<\/p>\n\n\n\n<p>A company that provides Internet services (web hosting, domain registration, creation of Internet pages, login to search engines, SSL certificates, consulting\u2026) since 1996.<\/p>\n\n\n\n<h5 class=\"wp-block-heading\"><strong>OIB:<\/strong>&nbsp;44188851059&nbsp;&nbsp; (EU VAT HR44188851059)<\/h5>\n\n\n\n<p><a href=\"https:\/\/www.google.com\/maps\/place\/ORBIS+Internet+usluge\/@46.3019207,16.3187201,17z\/data=!3m1!4b1!4m6!3m5!1s0x476f5532bc79e5a9:0xb920090b59d3ab6e!8m2!3d46.301917!4d16.321295!16s%2Fg%2F1tx8r_tv?entry=ttu\" target=\"_blank\" rel=\"noreferrer noopener\"><\/a><\/p>\n\n\n<style>.wp-block-kadence-advancedheading.kt-adv-heading15_4d304e-83, .wp-block-kadence-advancedheading.kt-adv-heading15_4d304e-83[data-kb-block=\"kb-adv-heading15_4d304e-83\"]{font-style:normal;}.wp-block-kadence-advancedheading.kt-adv-heading15_4d304e-83 mark, .wp-block-kadence-advancedheading.kt-adv-heading15_4d304e-83[data-kb-block=\"kb-adv-heading15_4d304e-83\"] mark{font-style:normal;color:#f76a0c;padding-top:0px;padding-right:0px;padding-bottom:0px;padding-left:0px;}<\/style>\n<p class=\"kt-adv-heading15_4d304e-83 wp-block-kadence-advancedheading\" data-kb-block=\"kb-adv-heading15_4d304e-83\">Buyers from abroad can make the payment to our foreign currency account.<br><strong>IBAN<\/strong> \/ Account no. <strong>HR1924840081100834674<\/strong><br><strong>Raiffeisenbank<\/strong> Austria d.d. Zagreb \/ <strong>\u200b\u200bSWIFT: RZBHHR2X<\/strong> \/<br><\/p>\n\n\n<style>.wp-block-kadence-advancedheading.kt-adv-heading15_390e9c-6e, .wp-block-kadence-advancedheading.kt-adv-heading15_390e9c-6e[data-kb-block=\"kb-adv-heading15_390e9c-6e\"]{font-style:normal;}.wp-block-kadence-advancedheading.kt-adv-heading15_390e9c-6e mark, .wp-block-kadence-advancedheading.kt-adv-heading15_390e9c-6e[data-kb-block=\"kb-adv-heading15_390e9c-6e\"] mark{font-style:normal;color:#f76a0c;padding-top:0px;padding-right:0px;padding-bottom:0px;padding-left:0px;}<\/style>\n<h6 class=\"kt-adv-heading15_390e9c-6e wp-block-kadence-advancedheading\" data-kb-block=\"kb-adv-heading15_390e9c-6e\">You MUST contact us by email before making the payment, so that we can send you an invoice in $<\/h6>\n\n\n<style>.wp-block-kadence-advancedheading.kt-adv-heading15_53a490-2a, .wp-block-kadence-advancedheading.kt-adv-heading15_53a490-2a[data-kb-block=\"kb-adv-heading15_53a490-2a\"]{font-style:normal;}.wp-block-kadence-advancedheading.kt-adv-heading15_53a490-2a[data-kb-block=\"kb-adv-heading15_53a490-2a\"]{display:flex;gap:0.25em;align-items:center;}.wp-block-kadence-advancedheading.kt-adv-heading15_53a490-2a[data-kb-block=\"kb-adv-heading15_53a490-2a\"] .kb-adv-heading-icon svg{width:1em;height:1em;}.wp-block-kadence-advancedheading.kt-adv-heading15_53a490-2a mark, .wp-block-kadence-advancedheading.kt-adv-heading15_53a490-2a[data-kb-block=\"kb-adv-heading15_53a490-2a\"] mark{font-style:normal;color:#f76a0c;padding-top:0px;padding-right:0px;padding-bottom:0px;padding-left:0px;}<\/style><p class=\"kt-adv-heading15_53a490-2a wp-block-kadence-advancedheading kt-adv-heading-has-icon\" data-kb-block=\"kb-adv-heading15_53a490-2a\"><span class=\"kb-svg-icon-wrap kb-adv-heading-icon kb-svg-icon-fe_mail kb-adv-heading-icon-side-left\"><svg viewBox=\"0 0 24 24\"  fill=\"none\" stroke=\"currentColor\" stroke-width=\"2\" stroke-linecap=\"round\" stroke-linejoin=\"round\" xmlns=\"http:\/\/www.w3.org\/2000\/svg\"  aria-hidden=\"true\"><path d=\"M4 4h16c1.1 0 2 .9 2 2v12c0 1.1-.9 2-2 2H4c-1.1 0-2-.9-2-2V6c0-1.1.9-2 2-2z\"\/><polyline points=\"22,6 12,13 2,6\"\/><\/svg><\/span><span class=\"kb-adv-text-inner\"><a href=\"mailto:info@orbis.hr;orbis@orbis.hr\" data-type=\"mailto\" data-id=\"mailto:info@orbis.hr;orbis@orbis.hr\"><strong>info@orbis.hr<\/strong><\/a><br><\/span><\/p>\n\n<style>.wp-block-kadence-advancedheading.kt-adv-heading15_0b3f96-03, .wp-block-kadence-advancedheading.kt-adv-heading15_0b3f96-03[data-kb-block=\"kb-adv-heading15_0b3f96-03\"]{font-style:normal;}.wp-block-kadence-advancedheading.kt-adv-heading15_0b3f96-03[data-kb-block=\"kb-adv-heading15_0b3f96-03\"]{display:flex;gap:0.25em;align-items:center;}.wp-block-kadence-advancedheading.kt-adv-heading15_0b3f96-03[data-kb-block=\"kb-adv-heading15_0b3f96-03\"] .kb-adv-heading-icon svg{width:1em;height:1em;}.wp-block-kadence-advancedheading.kt-adv-heading15_0b3f96-03 mark, .wp-block-kadence-advancedheading.kt-adv-heading15_0b3f96-03[data-kb-block=\"kb-adv-heading15_0b3f96-03\"] mark{font-style:normal;color:#f76a0c;padding-top:0px;padding-right:0px;padding-bottom:0px;padding-left:0px;}<\/style><p class=\"kt-adv-heading15_0b3f96-03 wp-block-kadence-advancedheading kt-adv-heading-has-icon\" data-kb-block=\"kb-adv-heading15_0b3f96-03\"><span class=\"kb-svg-icon-wrap kb-adv-heading-icon kb-svg-icon-fas_home kb-adv-heading-icon-side-left\"><svg viewBox=\"0 0 576 512\"  fill=\"currentColor\" xmlns=\"http:\/\/www.w3.org\/2000\/svg\"  aria-hidden=\"true\"><path d=\"M488 312.7V456c0 13.3-10.7 24-24 24H348c-6.6 0-12-5.4-12-12V356c0-6.6-5.4-12-12-12h-72c-6.6 0-12 5.4-12 12v112c0 6.6-5.4 12-12 12H112c-13.3 0-24-10.7-24-24V312.7c0-3.6 1.6-7 4.4-9.3l188-154.8c4.4-3.6 10.8-3.6 15.3 0l188 154.8c2.7 2.3 4.3 5.7 4.3 9.3zm83.6-60.9L488 182.9V44.4c0-6.6-5.4-12-12-12h-56c-6.6 0-12 5.4-12 12V117l-89.5-73.7c-17.7-14.6-43.3-14.6-61 0L4.4 251.8c-5.1 4.2-5.8 11.8-1.6 16.9l25.5 31c4.2 5.1 11.8 5.8 16.9 1.6l235.2-193.7c4.4-3.6 10.8-3.6 15.3 0l235.2 193.7c5.1 4.2 12.7 3.5 16.9-1.6l25.5-31c4.2-5.2 3.4-12.7-1.7-16.9z\"\/><\/svg><\/span><span class=\"kb-adv-text-inner\"><a href=\"https:\/\/www.google.com\/maps\/place\/ORBIS+Internet+usluge\/@46.3019207,16.3187201,17z\/data=!3m1!4b1!4m6!3m5!1s0x476f5532bc79e5a9:0xb920090b59d3ab6e!8m2!3d46.301917!4d16.321295!16s%2Fg%2F1tx8r_tv?entry=ttu\" target=\"_blank\" rel=\"noreferrer noopener\"><strong>Bra\u0107e Radi\u0107 90, 42000 Vara\u017edin<\/strong><\/a><a href=\"mailto:orbis@orbis.hr\"><strong>&nbsp;<\/strong><\/a><br><\/span><\/p>\n\n<style>.wp-block-kadence-advancedheading.kt-adv-heading15_09f1d7-6b, .wp-block-kadence-advancedheading.kt-adv-heading15_09f1d7-6b[data-kb-block=\"kb-adv-heading15_09f1d7-6b\"]{font-style:normal;}.wp-block-kadence-advancedheading.kt-adv-heading15_09f1d7-6b[data-kb-block=\"kb-adv-heading15_09f1d7-6b\"]{display:flex;gap:0.25em;align-items:center;}.wp-block-kadence-advancedheading.kt-adv-heading15_09f1d7-6b[data-kb-block=\"kb-adv-heading15_09f1d7-6b\"] .kb-adv-heading-icon svg{width:1em;height:1em;}.wp-block-kadence-advancedheading.kt-adv-heading15_09f1d7-6b mark, .wp-block-kadence-advancedheading.kt-adv-heading15_09f1d7-6b[data-kb-block=\"kb-adv-heading15_09f1d7-6b\"] mark{font-style:normal;color:#f76a0c;padding-top:0px;padding-right:0px;padding-bottom:0px;padding-left:0px;}<\/style><p class=\"kt-adv-heading15_09f1d7-6b wp-block-kadence-advancedheading kt-adv-heading-has-icon\" data-kb-block=\"kb-adv-heading15_09f1d7-6b\"><span class=\"kb-svg-icon-wrap kb-adv-heading-icon kb-svg-icon-fas_phone-square kb-adv-heading-icon-side-left\"><svg viewBox=\"0 0 448 512\"  fill=\"currentColor\" xmlns=\"http:\/\/www.w3.org\/2000\/svg\"  aria-hidden=\"true\"><path d=\"M400 32H48C21.49 32 0 53.49 0 80v352c0 26.51 21.49 48 48 48h352c26.51 0 48-21.49 48-48V80c0-26.51-21.49-48-48-48zM94 416c-7.033 0-13.057-4.873-14.616-11.627l-14.998-65a15 15 0 0 1 8.707-17.16l69.998-29.999a15 15 0 0 1 17.518 4.289l30.997 37.885c48.944-22.963 88.297-62.858 110.781-110.78l-37.886-30.997a15.001 15.001 0 0 1-4.289-17.518l30-69.998a15 15 0 0 1 17.16-8.707l65 14.998A14.997 14.997 0 0 1 384 126c0 160.292-129.945 290-290 290z\"\/><\/svg><\/span><span class=\"kb-adv-text-inner\"><a href=\"tel:0038542260824\"><strong>042 260 824<\/strong><\/a><\/span><\/p>\n\n\n<p><a href=\"fax:+38542261121\"><\/a><\/p>\n\n\n\n<h4 class=\"wp-block-heading\">Remark:<\/h4>\n\n\n\n<p>We send offers and invoices with net amounts. All money transfer costs are paid by the buyer.<br>Please keep this in mind, otherwise the invoice will not be registered as paid.<\/p>\n<\/div><\/div>\n\n\n<style>.kadence-column15_efb0d7-58 > .kt-inside-inner-col{display:flex;}.kadence-column15_efb0d7-58 > .kt-inside-inner-col,.kadence-column15_efb0d7-58 > .kt-inside-inner-col:before{border-top-left-radius:0px;border-top-right-radius:0px;border-bottom-right-radius:0px;border-bottom-left-radius:0px;}.kadence-column15_efb0d7-58 > .kt-inside-inner-col{column-gap:var(--global-kb-gap-sm, 1rem);}.kadence-column15_efb0d7-58 > .kt-inside-inner-col{flex-direction:column;justify-content:center;}.kadence-column15_efb0d7-58 > .kt-inside-inner-col > .aligncenter{width:100%;}.kt-row-column-wrap > .kadence-column15_efb0d7-58{align-self:center;}.kt-inner-column-height-full:not(.kt-has-1-columns) > .wp-block-kadence-column.kadence-column15_efb0d7-58{align-self:auto;}.kt-inner-column-height-full:not(.kt-has-1-columns) > .wp-block-kadence-column.kadence-column15_efb0d7-58 > .kt-inside-inner-col{flex-direction:column;justify-content:center;}.kadence-column15_efb0d7-58 > .kt-inside-inner-col:before{opacity:0.3;}.kadence-column15_efb0d7-58{position:relative;}@media all and (max-width: 1024px){.kadence-column15_efb0d7-58 > .kt-inside-inner-col{flex-direction:column;}}@media all and (max-width: 767px){.kadence-column15_efb0d7-58 > .kt-inside-inner-col{flex-direction:column;}}<\/style>\n<div class=\"wp-block-kadence-column kadence-column15_efb0d7-58\"><div class=\"kt-inside-inner-col\"><style>.kb-gallery-type-thumbslider.kb-gallery-id-15_5dac43-44 .kt-blocks-carousel-init {margin-bottom:2px;}.kb-gallery-id-15_5dac43-44 .kadence-blocks-gallery-item .kb-gal-image-radius{border-radius:5px 5px 5px 5px;}<\/style><div class=\"kb-gallery-wrap-id-15_5dac43-44 alignnone wp-block-kadence-advancedgallery\"><div class=\"kb-gallery-ul kb-gallery-non-static kb-gallery-type-thumbslider kb-gallery-id-15_5dac43-44 kb-gallery-caption-style-bottom-hover kb-gallery-filter-none\" data-image-filter=\"none\" data-lightbox-caption=\"true\"><div class=\"kt-blocks-carousel kt-carousel-container-dotstyle-dark\"><div id=\"kb-slider-15_5dac43-44\" class=\"kt-blocks-carousel-init kb-blocks-slider kt-carousel-arrowstyle-whiteondark kt-carousel-dotstyle-dark\" data-columns-xxl=\"4\" data-columns-xl=\"4\" data-columns-md=\"4\" data-columns-sm=\"4\" data-columns-xs=\"4\" data-columns-ss=\"4\" data-slider-anim-speed=\"400\" data-slider-scroll=\"1\" data-slider-arrows=\"true\" data-slider-fade=\"true\" data-slider-dots=\"false\" data-slider-hover-pause=\"false\" data-slider-type=\"thumbnail\" data-slider-nav=\"kb-thumb-slider-15_5dac43-44\"  data-slider-auto=\"\" data-slider-speed=\"7000\" data-slider-gap=\"2px\" data-slider-gap-tablet=\"2px\" data-slider-gap-mobile=\"2px\"><div class=\"kb-slide-item kb-gallery-carousel-item\"><div class=\"kadence-blocks-gallery-item\"><div class=\"kadence-blocks-gallery-item-inner\"><figure class=\"kb-gallery-figure kadence-blocks-gallery-item-hide-caption\" \"><div class=\"kb-gal-image-radius\"><div class=\"kb-gallery-image-contain kadence-blocks-gallery-intrinsic kb-gallery-image-ratio-inherit kb-has-image-ratio-inherit\" ><img loading=\"lazy\" decoding=\"async\" src=\"https:\/\/gut.orbis.hr\/wp-content\/uploads\/2024\/02\/orbis_zgrada_1-600x400-1.jpg\" width=\"600\" height=\"400\" alt=\"\" data-full-image=\"https:\/\/gut.orbis.hr\/wp-content\/uploads\/2024\/02\/orbis_zgrada_1-600x400-1.jpg\" data-light-image=\"https:\/\/gut.orbis.hr\/wp-content\/uploads\/2024\/02\/orbis_zgrada_1-600x400-1.jpg\" data-id=\"2578\" class=\"wp-image-2578 skip-lazy\"\/><\/div><\/div><\/figure><\/div><\/div><\/div><div class=\"kb-slide-item kb-gallery-carousel-item\"><div class=\"kadence-blocks-gallery-item\"><div class=\"kadence-blocks-gallery-item-inner\"><figure class=\"kb-gallery-figure kadence-blocks-gallery-item-hide-caption\" \"><div class=\"kb-gal-image-radius\"><div class=\"kb-gallery-image-contain kadence-blocks-gallery-intrinsic kb-gallery-image-ratio-inherit kb-has-image-ratio-inherit\" ><img loading=\"lazy\" decoding=\"async\" src=\"https:\/\/gut.orbis.hr\/wp-content\/uploads\/2024\/06\/orbis_ured_nina-600x400-1.jpg\" width=\"600\" height=\"400\" alt=\"\" data-full-image=\"https:\/\/gut.orbis.hr\/wp-content\/uploads\/2024\/06\/orbis_ured_nina-600x400-1.jpg\" data-light-image=\"https:\/\/gut.orbis.hr\/wp-content\/uploads\/2024\/06\/orbis_ured_nina-600x400-1.jpg\" data-id=\"2925\" class=\"wp-image-2925 skip-lazy\"\/><\/div><\/div><\/figure><\/div><\/div><\/div><div class=\"kb-slide-item kb-gallery-carousel-item\"><div class=\"kadence-blocks-gallery-item\"><div class=\"kadence-blocks-gallery-item-inner\"><figure class=\"kb-gallery-figure kadence-blocks-gallery-item-hide-caption\" \"><div class=\"kb-gal-image-radius\"><div class=\"kb-gallery-image-contain kadence-blocks-gallery-intrinsic kb-gallery-image-ratio-inherit kb-has-image-ratio-inherit\" ><img loading=\"lazy\" decoding=\"async\" src=\"https:\/\/gut.orbis.hr\/wp-content\/uploads\/2024\/06\/orbis_ured_2-600x400-1.jpg\" width=\"600\" height=\"400\" alt=\"\" data-full-image=\"https:\/\/gut.orbis.hr\/wp-content\/uploads\/2024\/06\/orbis_ured_2-600x400-1.jpg\" data-light-image=\"https:\/\/gut.orbis.hr\/wp-content\/uploads\/2024\/06\/orbis_ured_2-600x400-1.jpg\" data-id=\"2924\" class=\"wp-image-2924 skip-lazy\"\/><\/div><\/div><\/figure><\/div><\/div><\/div><div class=\"kb-slide-item kb-gallery-carousel-item\"><div class=\"kadence-blocks-gallery-item\"><div class=\"kadence-blocks-gallery-item-inner\"><figure class=\"kb-gallery-figure kadence-blocks-gallery-item-hide-caption\" \"><div class=\"kb-gal-image-radius\"><div class=\"kb-gallery-image-contain kadence-blocks-gallery-intrinsic kb-gallery-image-ratio-inherit kb-has-image-ratio-inherit\" ><img loading=\"lazy\" decoding=\"async\" src=\"https:\/\/gut.orbis.hr\/wp-content\/uploads\/2024\/06\/orbis_ured-600x400-1.jpg\" width=\"600\" height=\"400\" alt=\"\" data-full-image=\"https:\/\/gut.orbis.hr\/wp-content\/uploads\/2024\/06\/orbis_ured-600x400-1.jpg\" data-light-image=\"https:\/\/gut.orbis.hr\/wp-content\/uploads\/2024\/06\/orbis_ured-600x400-1.jpg\" data-id=\"2926\" class=\"wp-image-2926 skip-lazy\"\/><\/div><\/div><\/figure><\/div><\/div><\/div><\/div><div id=\"kb-thumb-slider-15_5dac43-44\" class=\"kb-blocks-slider kt-carousel-arrowstyle-whiteondark kt-carousel-dotstyle-dark\" data-slider-anim-speed=\"400\" data-slider-scroll=\"1\" data-slider-arrows=\"true\" data-slider-fade=\"true\" data-slider-dots=\"false\" data-slider-hover-pause=\"false\" data-slider-auto=\"\" data-slider-speed=\"7000\" data-slider-type=\"thumbnail\" data-slider-nav=\"kb-slider-15_5dac43-44\"><div class=\"kb-slide-item kb-gallery-carousel-item\"><div class=\"kadence-blocks-gallery-thumb-item\"><div class=\"kadence-blocks-gallery-thumb-item-inner\"><figure class=\"kb-gallery-figure\"><div class=\"kb-gal-image-radius\" ><div class=\"kb-gallery-image-contain kadence-blocks-gallery-intrinsic kb-gallery-image-ratio-land43 kb-has-image-ratio-land43\" ><img loading=\"lazy\" decoding=\"async\" src=\"https:\/\/gut.orbis.hr\/wp-content\/uploads\/2024\/02\/orbis_zgrada_1-600x400-1.jpg\" width=\"600\" height=\"400\" alt=\"\" data-full-image=\"https:\/\/gut.orbis.hr\/wp-content\/uploads\/2024\/02\/orbis_zgrada_1-600x400-1.jpg\" data-light-image=\"https:\/\/gut.orbis.hr\/wp-content\/uploads\/2024\/02\/orbis_zgrada_1-600x400-1.jpg\" data-id=\"2578\" class=\"wp-image-2578 skip-lazy\"\/><\/div><\/div><\/figure><\/div><\/div><\/div><div class=\"kb-slide-item kb-gallery-carousel-item\"><div class=\"kadence-blocks-gallery-thumb-item\"><div class=\"kadence-blocks-gallery-thumb-item-inner\"><figure class=\"kb-gallery-figure\"><div class=\"kb-gal-image-radius\" ><div class=\"kb-gallery-image-contain kadence-blocks-gallery-intrinsic kb-gallery-image-ratio-land43 kb-has-image-ratio-land43\" ><img loading=\"lazy\" decoding=\"async\" src=\"https:\/\/gut.orbis.hr\/wp-content\/uploads\/2024\/06\/orbis_ured_nina-600x400-1.jpg\" width=\"600\" height=\"400\" alt=\"\" data-full-image=\"https:\/\/gut.orbis.hr\/wp-content\/uploads\/2024\/06\/orbis_ured_nina-600x400-1.jpg\" data-light-image=\"https:\/\/gut.orbis.hr\/wp-content\/uploads\/2024\/06\/orbis_ured_nina-600x400-1.jpg\" data-id=\"2925\" class=\"wp-image-2925 skip-lazy\"\/><\/div><\/div><\/figure><\/div><\/div><\/div><div class=\"kb-slide-item kb-gallery-carousel-item\"><div class=\"kadence-blocks-gallery-thumb-item\"><div class=\"kadence-blocks-gallery-thumb-item-inner\"><figure class=\"kb-gallery-figure\"><div class=\"kb-gal-image-radius\" ><div class=\"kb-gallery-image-contain kadence-blocks-gallery-intrinsic kb-gallery-image-ratio-land43 kb-has-image-ratio-land43\" ><img loading=\"lazy\" decoding=\"async\" src=\"https:\/\/gut.orbis.hr\/wp-content\/uploads\/2024\/06\/orbis_ured_2-600x400-1.jpg\" width=\"600\" height=\"400\" alt=\"\" data-full-image=\"https:\/\/gut.orbis.hr\/wp-content\/uploads\/2024\/06\/orbis_ured_2-600x400-1.jpg\" data-light-image=\"https:\/\/gut.orbis.hr\/wp-content\/uploads\/2024\/06\/orbis_ured_2-600x400-1.jpg\" data-id=\"2924\" class=\"wp-image-2924 skip-lazy\"\/><\/div><\/div><\/figure><\/div><\/div><\/div><div class=\"kb-slide-item kb-gallery-carousel-item\"><div class=\"kadence-blocks-gallery-thumb-item\"><div class=\"kadence-blocks-gallery-thumb-item-inner\"><figure class=\"kb-gallery-figure\"><div class=\"kb-gal-image-radius\" ><div class=\"kb-gallery-image-contain kadence-blocks-gallery-intrinsic kb-gallery-image-ratio-land43 kb-has-image-ratio-land43\" ><img loading=\"lazy\" decoding=\"async\" src=\"https:\/\/gut.orbis.hr\/wp-content\/uploads\/2024\/06\/orbis_ured-600x400-1.jpg\" width=\"600\" height=\"400\" alt=\"\" data-full-image=\"https:\/\/gut.orbis.hr\/wp-content\/uploads\/2024\/06\/orbis_ured-600x400-1.jpg\" data-light-image=\"https:\/\/gut.orbis.hr\/wp-content\/uploads\/2024\/06\/orbis_ured-600x400-1.jpg\" data-id=\"2926\" class=\"wp-image-2926 skip-lazy\"\/><\/div><\/div><\/figure><\/div><\/div><\/div><\/div><\/div><\/div><\/div><\/div><\/div>\n\n<\/div><\/div>","protected":false},"excerpt":{"rendered":"<p>COMPANY ORBIS D.O.O. Company from Croatia Orbis d.o.o. on this domain we offer our services for the international market. A company that provides Internet services (web hosting, domain registration, creation of Internet pages, login to search engines, SSL certificates, consulting\u2026) since 1996. OIB:&nbsp;44188851059&nbsp;&nbsp; (EU VAT HR44188851059) Buyers from abroad can make the payment to our&#8230;<\/p>\n","protected":false},"author":1,"featured_media":0,"parent":0,"menu_order":0,"comment_status":"closed","ping_status":"closed","template":"","meta":{"_kad_blocks_custom_css":"","_kad_blocks_head_custom_js":"","_kad_blocks_body_custom_js":"","_kad_blocks_footer_custom_js":"","_kad_post_transparent":"","_kad_post_title":"","_kad_post_layout":"","_kad_post_sidebar_id":"","_kad_post_content_style":"","_kad_post_vertical_padding":"","_kad_post_feature":"","_kad_post_feature_position":"","_kad_post_header":false,"_kad_post_footer":false,"footnotes":""},"class_list":["post-15","page","type-page","status-publish","hentry"],"taxonomy_info":[],"featured_image_src_large":false,"author_info":{"display_name":"admin_wp","author_link":"https:\/\/radni.orbis.hr\/terminator\/author\/admin_wp\/"},"comment_info":0,"_links":{"self":[{"href":"https:\/\/radni.orbis.hr\/terminator\/wp-json\/wp\/v2\/pages\/15","targetHints":{"allow":["GET"]}}],"collection":[{"href":"https:\/\/radni.orbis.hr\/terminator\/wp-json\/wp\/v2\/pages"}],"about":[{"href":"https:\/\/radni.orbis.hr\/terminator\/wp-json\/wp\/v2\/types\/page"}],"author":[{"embeddable":true,"href":"https:\/\/radni.orbis.hr\/terminator\/wp-json\/wp\/v2\/users\/1"}],"replies":[{"embeddable":true,"href":"https:\/\/radni.orbis.hr\/terminator\/wp-json\/wp\/v2\/comments?post=15"}],"version-history":[{"count":20,"href":"https:\/\/radni.orbis.hr\/terminator\/wp-json\/wp\/v2\/pages\/15\/revisions"}],"predecessor-version":[{"id":205,"href":"https:\/\/radni.orbis.hr\/terminator\/wp-json\/wp\/v2\/pages\/15\/revisions\/205"}],"wp:attachment":[{"href":"https:\/\/radni.orbis.hr\/terminator\/wp-json\/wp\/v2\/media?parent=15"}],"curies":[{"name":"wp","href":"https:\/\/api.w.org\/{rel}","templated":true}]}}